{"id":1072,"date":"2026-01-02T13:51:17","date_gmt":"2026-01-02T13:51:17","guid":{"rendered":"https:\/\/sunnyorchard.qodeinteractive.com\/?page_id=1072"},"modified":"2026-03-07T02:11:49","modified_gmt":"2026-03-07T02:11:49","slug":"home-5","status":"publish","type":"page","link":"https:\/\/unhogarparacrear.com\/en\/","title":{"rendered":"Home 5"},"content":{"rendered":"<section class=\"wpb-content-wrapper\"><div data-vc-full-width=\"true\" data-vc-full-width-init=\"false\" class=\"vc_row wpb_row vc_row-fluid vc_column-gap-20 vc_row-o-content-middle vc_row-flex\" ><div data-vc-parallax=\"1.5\" class=\"wpb_column vc_column_container vc_col-sm-12 vc_col-has-fill vc_general vc_parallax vc_parallax-content-moving\"><div class=\"vc_column-inner vc_custom_1769638363810\"><div class=\"wpb_wrapper\">\n\t<div class=\"wpb_text_column wpb_content_element  vc_custom_1769566370189\" >\n\t\t<div class=\"wpb_wrapper\">\n\t\t\t<p>Un hogar para crear es un proyecto de <strong data-start=\"483\" data-end=\"527\">vida autosustentable en autoconstrucci\u00f3n<\/strong>, donde exploramos formas de habitar el territorio desde el huerto org\u00e1nico, el dise\u00f1o de espacios, la construcci\u00f3n consciente, el arte y la educaci\u00f3n pr\u00e1ctica. Documentamos procesos reales vinculados al manejo del suelo, el agua, la prevenci\u00f3n, los sistemas constructivos y la creaci\u00f3n, compartiendo aprendizajes aplicables para quienes buscan vivir de manera m\u00e1s conectada con su entorno y sus propios ritmos.<\/p>\n\n\t\t<\/div>\n\t<\/div>\n<\/div><\/div><\/div><\/div><div class=\"vc_row-full-width vc_clearfix\"><\/div><div class=\"mkdf-row-grid-section-wrapper\"  ><div class=\"mkdf-row-grid-section\"><div class=\"vc_row wpb_row vc_row-fluid vc_custom_1570027659512\" ><div class=\"wpb_column vc_column_container vc_col-sm-12\"><div class=\"vc_column-inner\"><div class=\"wpb_wrapper\"><div class=\"mkdf-masonry-gallery-holder mkdf-disable-bottom-space mkdf-normal-space\">\n\t<div class=\"mkdf-mg-inner mkdf-outer-space\">\n\t\t<div class=\"mkdf-mg-grid-sizer\"><\/div>\n\t\t<div class=\"mkdf-mg-grid-gutter\"><\/div>\n\t\t<article class=\"mkdf-item-space mkdf-mg-item mkdf-mg-simple mkdf-masonry-size-large-width-height mkdf-mg-skin-default\">\n\t<div class=\"mkdf-mg-item-inner\">\n\t\t\t<div class=\"mkdf-mg-item-image\" style=\"background-image: url(https:\/\/unhogarparacrear.com\/wp-content\/uploads\/2026\/01\/errores-comunes-empezar-una-huerta.png)\">\n<!--\t\t-->\t<\/div>\n        <a itemprop=\"url\" href=\"https:\/\/unhogarparacrear.com\/en\/blog\/\" target=\"_self\"  class=\"mkdf-btn mkdf-btn-medium mkdf-btn-solid mkdf-mg-item-overlay-button\"  >    <span class=\"mkdf-btn-text\">Lo mas reciente en el Blog<\/span>    <\/a>\t<\/div>\n\t\t<a itemprop=\"url\" class=\"mkdf-mg-item-link\" href=\"https:\/\/unhogarparacrear.com\/en\/blog\/\" target=\"_self\"><\/a>\n<\/article><article class=\"mkdf-item-space mkdf-mg-item mkdf-mg-standard mkdf-masonry-size-small mkdf-mg-skin-default\">\n\t<div class=\"mkdf-mg-item-inner\">\n\t\t\t<div class=\"mkdf-mg-item-image\" style=\"background-image: url(https:\/\/unhogarparacrear.com\/wp-content\/uploads\/2019\/10\/h5-img-4.jpg)\">\n<!--\t\t-->\t<\/div>\n\t\t<div class=\"mkdf-mg-item-content\">\n\t\t\t\t<img decoding=\"async\" itemprop=\"image\" class=\"mkdf-mg-item-icon\" src=\"https:\/\/unhogarparacrear.com\/wp-content\/uploads\/2019\/10\/h5-img-5.png\" alt=\"i\"\/>\n\t\t\t\t<h3 itemprop=\"name\" class=\"mkdf-mg-item-title entry-title\">Cosechas<\/h3>\n\t\t\t\t\t<\/div>\n\t\t\t<a itemprop=\"url\" class=\"mkdf-mg-item-link\" href=\"https:\/\/unhogarparacrear.com\/en\/plant-guide-list\/\" target=\"_self\"><\/a>\n\t<\/div>\n<\/article>\n<article class=\"mkdf-item-space mkdf-mg-item mkdf-mg-standard mkdf-masonry-size-small mkdf-mg-skin-default\">\n\t<div class=\"mkdf-mg-item-inner\">\n\t\t\t<div class=\"mkdf-mg-item-image\" style=\"background-image: url(https:\/\/unhogarparacrear.com\/wp-content\/uploads\/2019\/10\/h5-img-4.jpg)\">\n<!--\t\t-->\t<\/div>\n\t\t<div class=\"mkdf-mg-item-content\">\n\t\t\t\t<img decoding=\"async\" itemprop=\"image\" class=\"mkdf-mg-item-icon\" src=\"https:\/\/unhogarparacrear.com\/wp-content\/uploads\/2019\/10\/h5-img-10.png\" alt=\"i\"\/>\n\t\t\t\t<h3 itemprop=\"name\" class=\"mkdf-mg-item-title entry-title\">Nuestros servicios<\/h3>\n\t\t\t\t\t<\/div>\n\t\t\t<a itemprop=\"url\" class=\"mkdf-mg-item-link\" href=\"https:\/\/unhogarparacrear.com\/en\/servicios\/\" target=\"_self\"><\/a>\n\t<\/div>\n<\/article>\n<article class=\"mkdf-item-space mkdf-mg-item mkdf-mg-simple mkdf-masonry-size-small mkdf-mg-skin-default\">\n\t<div class=\"mkdf-mg-item-inner\">\n\t\t\t<div class=\"mkdf-mg-item-image\" style=\"background-image: url(https:\/\/unhogarparacrear.com\/wp-content\/uploads\/2019\/10\/agua-suelo-resilente.png)\">\n<!--\t\t-->\t<\/div>\n        <a itemprop=\"url\" href=\"https:\/\/unhogarparacrear.com\/en\/blog\/manejo-del-suelo-prevencion-incendios-forestales\/\" target=\"_self\"  class=\"mkdf-btn mkdf-btn-medium mkdf-btn-solid mkdf-mg-item-overlay-button\"  >    <span class=\"mkdf-btn-text\">Agua y Suelo<\/span>    <\/a>\t<\/div>\n\t\t<a itemprop=\"url\" class=\"mkdf-mg-item-link\" href=\"https:\/\/unhogarparacrear.com\/en\/blog\/manejo-del-suelo-prevencion-incendios-forestales\/\" target=\"_self\"><\/a>\n<\/article><article class=\"mkdf-item-space mkdf-mg-item mkdf-mg-simple mkdf-masonry-size-large-width mkdf-mg-skin-default\">\n\t<div class=\"mkdf-mg-item-inner\">\n\t\t\t<div class=\"mkdf-mg-item-image\" style=\"background-image: url(https:\/\/unhogarparacrear.com\/wp-content\/uploads\/2019\/10\/plantas-climas-mediterraneos.png)\">\n<!--\t\t-->\t<\/div>\n        <a itemprop=\"url\" href=\"https:\/\/unhogarparacrear.com\/en\/blog\/que-plantar-clima-mediterraneo-prevencion-incendios\/\" target=\"_self\"  class=\"mkdf-btn mkdf-btn-medium mkdf-btn-solid mkdf-mg-item-overlay-button\"  >    <span class=\"mkdf-btn-text\">Plantas para climas mediterr\u00e1neos<\/span>    <\/a>\t<\/div>\n\t\t<a itemprop=\"url\" class=\"mkdf-mg-item-link\" href=\"https:\/\/unhogarparacrear.com\/en\/blog\/que-plantar-clima-mediterraneo-prevencion-incendios\/\" target=\"_self\"><\/a>\n<\/article><article class=\"mkdf-item-space mkdf-mg-item mkdf-mg-simple mkdf-masonry-size-small mkdf-mg-skin-default\">\n\t<div class=\"mkdf-mg-item-inner\">\n\t\t\t<div class=\"mkdf-mg-item-image\" style=\"background-image: url(https:\/\/unhogarparacrear.com\/wp-content\/uploads\/2026\/01\/karsten-winegeart-XGGmhortdtA-unsplash-scaled.jpg)\">\n<!--\t\t-->\t<\/div>\n        <a itemprop=\"url\" href=\"https:\/\/unhogarparacrear.com\/en\/blog\/manejo-del-suelo-prevencion-incendios-forestales\/\" target=\"_self\"  class=\"mkdf-btn mkdf-btn-medium mkdf-btn-solid mkdf-mg-item-overlay-button\"  >    <span class=\"mkdf-btn-text\">Prevenci\u00f3n de incendios<\/span>    <\/a>\t<\/div>\n\t\t<a itemprop=\"url\" class=\"mkdf-mg-item-link\" href=\"https:\/\/unhogarparacrear.com\/en\/blog\/manejo-del-suelo-prevencion-incendios-forestales\/\" target=\"_self\"><\/a>\n<\/article><article class=\"mkdf-item-space mkdf-mg-item mkdf-mg-simple mkdf-masonry-size-small mkdf-mg-skin-default\">\n\t<div class=\"mkdf-mg-item-inner\">\n\t\t\t<div class=\"mkdf-mg-item-image\" style=\"background-image: url(https:\/\/unhogarparacrear.com\/wp-content\/uploads\/2019\/10\/h5-img-7.jpg)\">\n<!--\t\t-->\t<\/div>\n        <a itemprop=\"url\" href=\"https:\/\/unhogarparacrear.com\/en\/contact\/\" target=\"_self\"  class=\"mkdf-btn mkdf-btn-medium mkdf-btn-solid mkdf-mg-item-overlay-button\"  >    <span class=\"mkdf-btn-text\">Contacto<\/span>    <\/a>\t<\/div>\n\t\t<a itemprop=\"url\" class=\"mkdf-mg-item-link\" href=\"https:\/\/unhogarparacrear.com\/en\/contact\/\" target=\"_self\"><\/a>\n<\/article><article class=\"mkdf-item-space mkdf-mg-item mkdf-mg-with-button mkdf-masonry-size-large-width mkdf-mg-skin-default\">\n\t<div class=\"mkdf-mg-item-inner\">\n\t\t\t\t<div class=\"mkdf-mg-item-content\">\n\t\t\t\t<h2 itemprop=\"name\" class=\"mkdf-mg-item-title entry-title\">Sobre nosotros<\/h2>\n\t\t\t\t<h5 class=\"mkdf-mg-item-text\">Desde d\u00f3nde cultivamos y creamos<\/h5>\n\t\t\t<a itemprop=\"url\" href=\"https:\/\/unhogarparacrear.com\/en\/sobre-nosotros\/\" target=\"_self\"  class=\"mkdf-btn mkdf-btn-small mkdf-btn-solid mkdf-mg-item-button\"  >    <span class=\"mkdf-btn-text\">Conocenos mejor<\/span>    <\/a>\t\t\t\t<a itemprop=\"url\" class=\"mkdf-mg-item-link\" href=\"https:\/\/unhogarparacrear.com\/en\/sobre-nosotros\/\" target=\"_self\"><\/a>\n\t\t<\/div>\n\t<\/div>\n<\/article>\n<article class=\"mkdf-item-space mkdf-mg-item mkdf-mg-simple mkdf-masonry-size-small mkdf-mg-skin-default\">\n\t<div class=\"mkdf-mg-item-inner\">\n\t\t\t<div class=\"mkdf-mg-item-image\" style=\"background-image: url(https:\/\/unhogarparacrear.com\/wp-content\/uploads\/2019\/10\/h5-img-9.jpg)\">\n<!--\t\t-->\t<\/div>\n        <a itemprop=\"url\" href=\"https:\/\/unhogarparacrear.com\/en\/blog\/como-disenar-una-huerta-resiliente-desde-el-primer-ano-sin-hacerlo-todo-perfecto\/\" target=\"_self\"  class=\"mkdf-btn mkdf-btn-medium mkdf-btn-solid mkdf-mg-item-overlay-button\"  >    <span class=\"mkdf-btn-text\">Dise\u00f1ar una huerta resiliente<\/span>    <\/a>\t<\/div>\n\t\t<a itemprop=\"url\" class=\"mkdf-mg-item-link\" href=\"https:\/\/unhogarparacrear.com\/en\/blog\/como-disenar-una-huerta-resiliente-desde-el-primer-ano-sin-hacerlo-todo-perfecto\/\" target=\"_self\"><\/a>\n<\/article><article class=\"mkdf-item-space mkdf-mg-item mkdf-mg-simple mkdf-masonry-size-small mkdf-mg-skin-default\">\n\t<div class=\"mkdf-mg-item-inner\">\n\t\t\t<div class=\"mkdf-mg-item-image\" style=\"background-image: url(https:\/\/unhogarparacrear.com\/wp-content\/uploads\/2026\/01\/ensenando-sobre-huerta.png)\">\n<!--\t\t-->\t<\/div>\n        <a itemprop=\"url\" href=\"https:\/\/unhogarparacrear.com\/en\/educacion\/\" target=\"_self\"  class=\"mkdf-btn mkdf-btn-medium mkdf-btn-solid mkdf-mg-item-overlay-button\"  >    <span class=\"mkdf-btn-text\">Educacion<\/span>    <\/a>\t<\/div>\n\t\t<a itemprop=\"url\" class=\"mkdf-mg-item-link\" href=\"https:\/\/unhogarparacrear.com\/en\/educacion\/\" target=\"_self\"><\/a>\n<\/article><article class=\"mkdf-item-space mkdf-mg-item mkdf-mg-with-button mkdf-masonry-size-small mkdf-mg-skin-default\">\n\t<div class=\"mkdf-mg-item-inner\">\n\t\t\t\t<div class=\"mkdf-mg-item-content\">\n\t\t\t\t<h2 itemprop=\"name\" class=\"mkdf-mg-item-title entry-title\">Eventos<\/h2>\n\t\t\t\t\t\t<a itemprop=\"url\" href=\"https:\/\/unhogarparacrear.com\/en\/events\/\" target=\"_self\"  class=\"mkdf-btn mkdf-btn-small mkdf-btn-solid mkdf-mg-item-button\"  >    <span class=\"mkdf-btn-text\">Mira el calendario<\/span>    <\/a>\t\t\t\t<a itemprop=\"url\" class=\"mkdf-mg-item-link\" href=\"https:\/\/unhogarparacrear.com\/en\/events\/\" target=\"_self\"><\/a>\n\t\t<\/div>\n\t<\/div>\n<\/article>\n\t<\/div>\n<\/div><\/div><\/div><\/div><\/div><\/div><\/div><div class=\"vc_row wpb_row vc_row-fluid\" ><div class=\"wpb_column vc_column_container vc_col-sm-12\"><div class=\"vc_column-inner\"><div class=\"wpb_wrapper\"><div class=\"vc_tta-container\" data-vc-action=\"collapse\"><div class=\"vc_general vc_tta vc_tta-accordion vc_tta-color-grey vc_tta-style-classic vc_tta-shape-rounded vc_tta-o-shape-group vc_tta-controls-align-left\"><div class=\"vc_tta-panels-container\"><div class=\"vc_tta-panels\"><div class=\"vc_tta-panel vc_active\" id=\"1769566754375-a5fc1357-c47f\" data-vc-content=\".vc_tta-panel-body\"><div class=\"vc_tta-panel-heading\"><h4 class=\"vc_tta-panel-title vc_tta-controls-icon-position-left\"><a href=\"#1769566754375-a5fc1357-c47f\" data-vc-accordion data-vc-container=\".vc_tta-container\"><span class=\"vc_tta-title-text\">Sobre este proyecto<\/span><i class=\"vc_tta-controls-icon vc_tta-controls-icon-plus\"><\/i><\/a><\/h4><\/div><div class=\"vc_tta-panel-body\">\n\t<div class=\"wpb_text_column wpb_content_element\" >\n\t\t<div class=\"wpb_wrapper\">\n\t\t\t<p data-start=\"1429\" data-end=\"1800\">Un hogar para crear es un proyecto de <strong data-start=\"1467\" data-end=\"1511\">vida autosustentable en autoconstrucci\u00f3n<\/strong>, donde exploramos distintas formas de habitar el territorio desde la pr\u00e1ctica cotidiana. Este espacio nace del cruce entre huerto org\u00e1nico, dise\u00f1o de espacios, construcci\u00f3n consciente, arte y educaci\u00f3n pr\u00e1ctica, entendiendo la vivienda como un sistema vivo que se transforma en el tiempo.<\/p>\n<p data-start=\"1807\" data-end=\"2225\">La <strong data-start=\"1810\" data-end=\"1834\">vida autosustentable<\/strong> que proponemos no responde a recetas cerradas ni a modelos ideales, sino a la observaci\u00f3n, el aprendizaje constante y la adaptaci\u00f3n a un contexto real. Aqu\u00ed compartimos procesos vinculados al manejo del suelo, el agua, la prevenci\u00f3n de riesgos, la planificaci\u00f3n del paisaje, la autoconstrucci\u00f3n y el dise\u00f1o de sistemas que permiten vivir de manera m\u00e1s consciente y conectada con el entorno.<\/p>\n<p data-start=\"2232\" data-end=\"2579\">Este proyecto se construye mientras se habita. Documentamos errores, decisiones y aprendizajes que surgen al hacer, no desde la teor\u00eda, sino desde la experiencia directa. El huerto se entiende como un ecosistema resiliente, la casa como un proceso en desarrollo y el dise\u00f1o como una herramienta para cuidar tanto a las personas como al territorio.<\/p>\n<p data-start=\"2586\" data-end=\"2822\">Un hogar para crear no es una tienda ni un espacio comercial. Es un lugar habitado que comparte saberes para que otros puedan aplicar, adaptar y construir su propia <strong data-start=\"2751\" data-end=\"2775\">vida autosustentable<\/strong>, respetando sus ritmos, recursos y realidades.<\/p>\n\n\t\t<\/div>\n\t<\/div>\n<\/div><\/div><\/div><\/div><\/div><\/div><\/div><\/div><\/div><\/div><div class=\"vc_row wpb_row vc_row-fluid\" ><div class=\"wpb_column vc_column_container vc_col-sm-12\"><div class=\"vc_column-inner\"><div class=\"wpb_wrapper\"><div  class=\"vc_wp_text wpb_content_element\"><div class=\"widget widget_text\">\t\t\t<div class=\"textwidget\"><p>&lt;meta name=&#8221;p:domain_verify&#8221; content=&#8221;4f517c99f50b1f6957ad752caeb87d60&#8243;\/&gt;<\/p>\n<\/div>\n\t\t<\/div><\/div><\/div><\/div><\/div><\/div>\n<\/section>","protected":false},"excerpt":{"rendered":"","protected":false},"author":1,"featured_media":3207,"parent":0,"menu_order":0,"comment_status":"closed","ping_status":"closed","template":"full-width.php","meta":{"give_campaign_id":0,"footnotes":""},"class_list":["post-1072","page","type-page","status-publish","has-post-thumbnail","hentry"],"yoast_head":"<!-- This site is optimized with the Yoast SEO plugin v27.3 - https:\/\/yoast.com\/product\/yoast-seo-wordpress\/ -->\n<title>Un hogar para crear | Vida autosustentable y autoconstrucci\u00f3n<\/title>\n<meta name=\"description\" content=\"Proyecto de vida autosustentable en autoconstrucci\u00f3n, con huerto org\u00e1nico, dise\u00f1o, arte y educaci\u00f3n pr\u00e1ctica desde la experiencia real.\" \/>\n<meta name=\"robots\" content=\"index, follow, max-snippet:-1, max-image-preview:large, max-video-preview:-1\" \/>\n<link rel=\"canonical\" href=\"https:\/\/unhogarparacrear.com\/en\/\" \/>\n<meta property=\"og:locale\" content=\"en_US\" \/>\n<meta property=\"og:type\" content=\"article\" \/>\n<meta property=\"og:title\" content=\"Un hogar para crear | Vida autosustentable y autoconstrucci\u00f3n\" \/>\n<meta property=\"og:description\" content=\"Proyecto de vida autosustentable en autoconstrucci\u00f3n, con huerto org\u00e1nico, dise\u00f1o, arte y educaci\u00f3n pr\u00e1ctica desde la experiencia real.\" \/>\n<meta property=\"og:url\" content=\"https:\/\/unhogarparacrear.com\/en\/\" \/>\n<meta property=\"og:site_name\" content=\"unhogarparacrear\" \/>\n<meta property=\"article:modified_time\" content=\"2026-03-07T02:11:49+00:00\" \/>\n<meta property=\"og:image\" content=\"https:\/\/unhogarparacrear.com\/wp-content\/uploads\/2026\/01\/huerto-resilente-organico-1024x683.png\" \/>\n\t<meta property=\"og:image:width\" content=\"1024\" \/>\n\t<meta property=\"og:image:height\" content=\"683\" \/>\n\t<meta property=\"og:image:type\" content=\"image\/png\" \/>\n<meta name=\"twitter:card\" content=\"summary_large_image\" \/>\n<meta name=\"twitter:label1\" content=\"Est. reading time\" \/>\n\t<meta name=\"twitter:data1\" content=\"2 minutes\" \/>\n<script type=\"application\/ld+json\" class=\"yoast-schema-graph\">{\"@context\":\"https:\\\/\\\/schema.org\",\"@graph\":[{\"@type\":\"WebPage\",\"@id\":\"https:\\\/\\\/unhogarparacrear.com\\\/\",\"url\":\"https:\\\/\\\/unhogarparacrear.com\\\/\",\"name\":\"Un hogar para crear | Vida autosustentable y autoconstrucci\u00f3n\",\"isPartOf\":{\"@id\":\"https:\\\/\\\/unhogarparacrear.com\\\/#website\"},\"primaryImageOfPage\":{\"@id\":\"https:\\\/\\\/unhogarparacrear.com\\\/#primaryimage\"},\"image\":{\"@id\":\"https:\\\/\\\/unhogarparacrear.com\\\/#primaryimage\"},\"thumbnailUrl\":\"https:\\\/\\\/unhogarparacrear.com\\\/wp-content\\\/uploads\\\/2026\\\/01\\\/huerto-resilente-organico.png\",\"datePublished\":\"2026-01-02T13:51:17+00:00\",\"dateModified\":\"2026-03-07T02:11:49+00:00\",\"description\":\"Proyecto de vida autosustentable en autoconstrucci\u00f3n, con huerto org\u00e1nico, dise\u00f1o, arte y educaci\u00f3n pr\u00e1ctica desde la experiencia real.\",\"breadcrumb\":{\"@id\":\"https:\\\/\\\/unhogarparacrear.com\\\/#breadcrumb\"},\"inLanguage\":\"en-US\",\"potentialAction\":[{\"@type\":\"ReadAction\",\"target\":[\"https:\\\/\\\/unhogarparacrear.com\\\/\"]}]},{\"@type\":\"ImageObject\",\"inLanguage\":\"en-US\",\"@id\":\"https:\\\/\\\/unhogarparacrear.com\\\/#primaryimage\",\"url\":\"https:\\\/\\\/unhogarparacrear.com\\\/wp-content\\\/uploads\\\/2026\\\/01\\\/huerto-resilente-organico.png\",\"contentUrl\":\"https:\\\/\\\/unhogarparacrear.com\\\/wp-content\\\/uploads\\\/2026\\\/01\\\/huerto-resilente-organico.png\",\"width\":1536,\"height\":1024,\"caption\":\"vida autosustentable y autoconstruccion\"},{\"@type\":\"BreadcrumbList\",\"@id\":\"https:\\\/\\\/unhogarparacrear.com\\\/#breadcrumb\",\"itemListElement\":[{\"@type\":\"ListItem\",\"position\":1,\"name\":\"Home\",\"item\":\"https:\\\/\\\/unhogarparacrear.com\\\/\"},{\"@type\":\"ListItem\",\"position\":2,\"name\":\"Home 5\"}]},{\"@type\":\"WebSite\",\"@id\":\"https:\\\/\\\/unhogarparacrear.com\\\/#website\",\"url\":\"https:\\\/\\\/unhogarparacrear.com\\\/\",\"name\":\"unhogarparacrear\",\"description\":\"Dos locos que llegaron al campo a crear la vida que so\u00f1aron\",\"publisher\":{\"@id\":\"https:\\\/\\\/unhogarparacrear.com\\\/#\\\/schema\\\/person\\\/8f858b5149b51fd6acbfff187fc29f77\"},\"potentialAction\":[{\"@type\":\"SearchAction\",\"target\":{\"@type\":\"EntryPoint\",\"urlTemplate\":\"https:\\\/\\\/unhogarparacrear.com\\\/?s={search_term_string}\"},\"query-input\":{\"@type\":\"PropertyValueSpecification\",\"valueRequired\":true,\"valueName\":\"search_term_string\"}}],\"inLanguage\":\"en-US\"},{\"@type\":[\"Person\",\"Organization\"],\"@id\":\"https:\\\/\\\/unhogarparacrear.com\\\/#\\\/schema\\\/person\\\/8f858b5149b51fd6acbfff187fc29f77\",\"name\":\"Un hogar para crear\",\"image\":{\"@type\":\"ImageObject\",\"inLanguage\":\"en-US\",\"@id\":\"https:\\\/\\\/unhogarparacrear.com\\\/wp-content\\\/uploads\\\/2026\\\/01\\\/cropped-Logo-unhogarparacrear.com_.png\",\"url\":\"https:\\\/\\\/unhogarparacrear.com\\\/wp-content\\\/uploads\\\/2026\\\/01\\\/cropped-Logo-unhogarparacrear.com_.png\",\"contentUrl\":\"https:\\\/\\\/unhogarparacrear.com\\\/wp-content\\\/uploads\\\/2026\\\/01\\\/cropped-Logo-unhogarparacrear.com_.png\",\"width\":512,\"height\":512,\"caption\":\"Un hogar para crear\"},\"logo\":{\"@id\":\"https:\\\/\\\/unhogarparacrear.com\\\/wp-content\\\/uploads\\\/2026\\\/01\\\/cropped-Logo-unhogarparacrear.com_.png\"}}]}<\/script>\n<!-- \/ Yoast SEO plugin. -->","yoast_head_json":{"title":"Un hogar para crear | Vida autosustentable y autoconstrucci\u00f3n","description":"Proyecto de vida autosustentable en autoconstrucci\u00f3n, con huerto org\u00e1nico, dise\u00f1o, arte y educaci\u00f3n pr\u00e1ctica desde la experiencia real.","robots":{"index":"index","follow":"follow","max-snippet":"max-snippet:-1","max-image-preview":"max-image-preview:large","max-video-preview":"max-video-preview:-1"},"canonical":"https:\/\/unhogarparacrear.com\/en\/","og_locale":"en_US","og_type":"article","og_title":"Un hogar para crear | Vida autosustentable y autoconstrucci\u00f3n","og_description":"Proyecto de vida autosustentable en autoconstrucci\u00f3n, con huerto org\u00e1nico, dise\u00f1o, arte y educaci\u00f3n pr\u00e1ctica desde la experiencia real.","og_url":"https:\/\/unhogarparacrear.com\/en\/","og_site_name":"unhogarparacrear","article_modified_time":"2026-03-07T02:11:49+00:00","og_image":[{"width":1024,"height":683,"url":"https:\/\/unhogarparacrear.com\/wp-content\/uploads\/2026\/01\/huerto-resilente-organico-1024x683.png","type":"image\/png"}],"twitter_card":"summary_large_image","twitter_misc":{"Est. reading time":"2 minutes"},"schema":{"@context":"https:\/\/schema.org","@graph":[{"@type":"WebPage","@id":"https:\/\/unhogarparacrear.com\/","url":"https:\/\/unhogarparacrear.com\/","name":"Un hogar para crear | Vida autosustentable y autoconstrucci\u00f3n","isPartOf":{"@id":"https:\/\/unhogarparacrear.com\/#website"},"primaryImageOfPage":{"@id":"https:\/\/unhogarparacrear.com\/#primaryimage"},"image":{"@id":"https:\/\/unhogarparacrear.com\/#primaryimage"},"thumbnailUrl":"https:\/\/unhogarparacrear.com\/wp-content\/uploads\/2026\/01\/huerto-resilente-organico.png","datePublished":"2026-01-02T13:51:17+00:00","dateModified":"2026-03-07T02:11:49+00:00","description":"Proyecto de vida autosustentable en autoconstrucci\u00f3n, con huerto org\u00e1nico, dise\u00f1o, arte y educaci\u00f3n pr\u00e1ctica desde la experiencia real.","breadcrumb":{"@id":"https:\/\/unhogarparacrear.com\/#breadcrumb"},"inLanguage":"en-US","potentialAction":[{"@type":"ReadAction","target":["https:\/\/unhogarparacrear.com\/"]}]},{"@type":"ImageObject","inLanguage":"en-US","@id":"https:\/\/unhogarparacrear.com\/#primaryimage","url":"https:\/\/unhogarparacrear.com\/wp-content\/uploads\/2026\/01\/huerto-resilente-organico.png","contentUrl":"https:\/\/unhogarparacrear.com\/wp-content\/uploads\/2026\/01\/huerto-resilente-organico.png","width":1536,"height":1024,"caption":"vida autosustentable y autoconstruccion"},{"@type":"BreadcrumbList","@id":"https:\/\/unhogarparacrear.com\/#breadcrumb","itemListElement":[{"@type":"ListItem","position":1,"name":"Home","item":"https:\/\/unhogarparacrear.com\/"},{"@type":"ListItem","position":2,"name":"Home 5"}]},{"@type":"WebSite","@id":"https:\/\/unhogarparacrear.com\/#website","url":"https:\/\/unhogarparacrear.com\/","name":"unhogarparacrear","description":"Dos locos que llegaron al campo a crear la vida que so\u00f1aron","publisher":{"@id":"https:\/\/unhogarparacrear.com\/#\/schema\/person\/8f858b5149b51fd6acbfff187fc29f77"},"potentialAction":[{"@type":"SearchAction","target":{"@type":"EntryPoint","urlTemplate":"https:\/\/unhogarparacrear.com\/?s={search_term_string}"},"query-input":{"@type":"PropertyValueSpecification","valueRequired":true,"valueName":"search_term_string"}}],"inLanguage":"en-US"},{"@type":["Person","Organization"],"@id":"https:\/\/unhogarparacrear.com\/#\/schema\/person\/8f858b5149b51fd6acbfff187fc29f77","name":"Un hogar para crear","image":{"@type":"ImageObject","inLanguage":"en-US","@id":"https:\/\/unhogarparacrear.com\/wp-content\/uploads\/2026\/01\/cropped-Logo-unhogarparacrear.com_.png","url":"https:\/\/unhogarparacrear.com\/wp-content\/uploads\/2026\/01\/cropped-Logo-unhogarparacrear.com_.png","contentUrl":"https:\/\/unhogarparacrear.com\/wp-content\/uploads\/2026\/01\/cropped-Logo-unhogarparacrear.com_.png","width":512,"height":512,"caption":"Un hogar para crear"},"logo":{"@id":"https:\/\/unhogarparacrear.com\/wp-content\/uploads\/2026\/01\/cropped-Logo-unhogarparacrear.com_.png"}}]}},"campaignId":"","_hostinger_reach_plugin_has_subscription_block":false,"_hostinger_reach_plugin_is_elementor":false,"_links":{"self":[{"href":"https:\/\/unhogarparacrear.com\/en\/wp-json\/wp\/v2\/pages\/1072","targetHints":{"allow":["GET"]}}],"collection":[{"href":"https:\/\/unhogarparacrear.com\/en\/wp-json\/wp\/v2\/pages"}],"about":[{"href":"https:\/\/unhogarparacrear.com\/en\/wp-json\/wp\/v2\/types\/page"}],"author":[{"embeddable":true,"href":"https:\/\/unhogarparacrear.com\/en\/wp-json\/wp\/v2\/users\/1"}],"replies":[{"embeddable":true,"href":"https:\/\/unhogarparacrear.com\/en\/wp-json\/wp\/v2\/comments?post=1072"}],"version-history":[{"count":20,"href":"https:\/\/unhogarparacrear.com\/en\/wp-json\/wp\/v2\/pages\/1072\/revisions"}],"predecessor-version":[{"id":3322,"href":"https:\/\/unhogarparacrear.com\/en\/wp-json\/wp\/v2\/pages\/1072\/revisions\/3322"}],"wp:featuredmedia":[{"embeddable":true,"href":"https:\/\/unhogarparacrear.com\/en\/wp-json\/wp\/v2\/media\/3207"}],"wp:attachment":[{"href":"https:\/\/unhogarparacrear.com\/en\/wp-json\/wp\/v2\/media?parent=1072"}],"curies":[{"name":"wp","href":"https:\/\/api.w.org\/{rel}","templated":true}]}}